{"id":19,"date":"2022-10-18T06:27:57","date_gmt":"2022-10-18T06:27:57","guid":{"rendered":"https:\/\/futsalcopacerdanya.com\/index.php\/prova-copy\/"},"modified":"2025-10-17T18:45:48","modified_gmt":"2025-10-17T18:45:48","slug":"presentacion","status":"publish","type":"page","link":"https:\/\/futsalcopacerdanya.com\/index.php\/presentacion\/","title":{"rendered":"PRESENTACI\u00d3N"},"content":{"rendered":"\t\t<div data-elementor-type=\"wp-page\" data-elementor-id=\"19\" class=\"elementor elementor-19\">\n\t\t\t\t\t\t<section class=\"elementor-section elementor-top-section elementor-element elementor-element-3215eb2d elementor-section-full_width elementor-section-stretched elementor-section-height-min-height elementor-section-items-bottom elementor-section-content-bottom elementor-section-height-default\" data-id=\"3215eb2d\" data-element_type=\"section\" data-e-type=\"section\" data-settings=\"{&quot;stretch_section&quot;:&quot;section-stretched&quot;,&quot;background_background&quot;:&quot;classic&quot;}\">\n\t\t\t\t\t\t<div class=\"elementor-container elementor-column-gap-default\">\n\t\t\t\t\t<div class=\"elementor-column elementor-col-100 elementor-top-column elementor-element elementor-element-37cc152b\" data-id=\"37cc152b\" data-element_type=\"column\" data-e-type=\"column\">\n\t\t\t<div class=\"elementor-widget-wrap elementor-element-populated\">\n\t\t\t\t\t\t<div class=\"elementor-element elementor-element-3436a1c2 elementor-invisible elementor-widget elementor-widget-heading\" data-id=\"3436a1c2\" data-element_type=\"widget\" data-e-type=\"widget\" data-settings=\"{&quot;_animation&quot;:&quot;zoomInDown&quot;,&quot;_animation_delay&quot;:200}\" data-widget_type=\"heading.default\">\n\t\t\t\t<div class=\"elementor-widget-container\">\n\t\t\t\t\t<h2 class=\"elementor-heading-title elementor-size-default\">\u00a1VOLVEMOS!<\/h2>\t\t\t\t<\/div>\n\t\t\t\t<\/div>\n\t\t\t\t\t<\/div>\n\t\t<\/div>\n\t\t\t\t\t<\/div>\n\t\t<\/section>\n\t\t\t\t<section class=\"elementor-section elementor-top-section elementor-element elementor-element-1f3ad89 elementor-section-boxed elementor-section-height-default elementor-section-height-default\" data-id=\"1f3ad89\" data-element_type=\"section\" data-e-type=\"section\">\n\t\t\t\t\t\t<div class=\"elementor-container elementor-column-gap-default\">\n\t\t\t\t\t<div class=\"elementor-column elementor-col-100 elementor-top-column elementor-element elementor-element-cebdae1\" data-id=\"cebdae1\" data-element_type=\"column\" data-e-type=\"column\">\n\t\t\t<div class=\"elementor-widget-wrap elementor-element-populated\">\n\t\t\t\t\t\t<div class=\"elementor-element elementor-element-2885e92 elementor-widget elementor-widget-heading\" data-id=\"2885e92\" data-element_type=\"widget\" data-e-type=\"widget\" data-widget_type=\"heading.default\">\n\t\t\t\t<div class=\"elementor-widget-container\">\n\t\t\t\t\t<h2 class=\"elementor-heading-title elementor-size-default\">Un a\u00f1o m\u00e1s,<\/h2>\t\t\t\t<\/div>\n\t\t\t\t<\/div>\n\t\t\t\t<div class=\"elementor-element elementor-element-6579a13 elementor-widget elementor-widget-text-editor\" data-id=\"6579a13\" data-element_type=\"widget\" data-e-type=\"widget\" data-widget_type=\"text-editor.default\">\n\t\t\t\t<div class=\"elementor-widget-container\">\n\t\t\t\t\t\t\t\t\t<div class=\"page\" title=\"Page 1\"><div class=\"section\"><div class=\"layoutArea\"><div class=\"column\"><p>Un a\u00f1o m\u00e1s,<span class=\"Apple-converted-space\">\u00a0<\/span>Futsal Copa Cerdanya se presenta con el objetivo de ofrecer a nin\u0303os y nin\u0303as de <strong>Asociaciones Deportivas Escolares, Escuelas y Clubs<\/strong> la oportunidad de combinar el <strong>fu\u0301tbol sala<\/strong> con actividades turi\u0301sticas; fomentar la convivencia entre jo\u0301venes deportistas de diferentes puntos geogra\u0301ficos y buscar la formacio\u0301n humana y deportiva de nuestros jo\u0301venes. Desde su primera edicio\u0301n, Futsal Copa Cerdanya ha contado con la presencia de ma\u0301s de 900 deportistas en cada una de las ediciones celebradas.<\/p><p>Para los nin\u0303os y nin\u0303as supondra\u0301 una experiencia muy atractiva, puesto que conocera\u0301n un entorno especial y diferente, la comarca de La Cerdan\u0303a, mientras practican uno de los deportes que ma\u0301s les gusta: el <span style=\"text-decoration: underline;\"><strong>fu\u0301tbol sala<\/strong><\/span>.<\/p><p>El torneo Futsal Copa Cerdanya se llevar\u00e1 a cabo del 21 al 24 de junio. Tener en cuenta que el domingo, por la ma\u00f1ana, se llevar\u00e1 a cabo la presentaci\u00f3n del torneo en Puigcerd\u00e0. Los partidos empezar\u00e1n el domingo a las 4 de la tarde.<\/p><p>Los municipios en los cuales se ubicar\u00e1n las sedes del torneo ser\u00e1n Bellver de Cerdanya, Bolvir, Ll\u00edvia y Puigcerd\u00e0. Cada sede deportiva acoger\u00e1 la competici\u00f3n por categor\u00edas. En Bellver de Cerdanya y Bolvir se disputar\u00e1n los partidos de las categor\u00edas benjam\u00edn y alev\u00edn; Puigcerd\u00e0 ser\u00e1 la sede de las categor\u00edas cadete y femeninas; Ll\u00edvia acoger\u00e1 los partidos de la categor\u00eda infantil.<\/p><p>Por lo que respecta a los alojamientos los facilitaremos desde la organizacio\u0301n (obligatorios para todos los equipos para asegurar el buen funcionamiento del torneo, excepto aquellos que sean de La Cerdanya, Alt Urgell o Bergueda\u0300). Para poder recibir informacio\u0301n sobre estos alojamientos, podra\u0301n consultar el apartado correspondiente que encontrara\u0301n en la pestan\u0303a superior de esta misma pa\u0301gina. Estos se hallan ubicados en los municipios de Bellver de Cerdanya y Puigcerda\u0300.<\/p><p>Como en la pasada edicio\u0301n existira\u0301 la posibilidad de que los\/las jugadores\/as se puedan autofinanciar el coste del torneo mediante la solicitud de 115 papeletas de 2 euros cada una, sin ningu\u0301n coste adicional.<\/p><p>Para recibir ma\u0301s informacio\u0301n pueden contactar con nosotros:<\/p><\/div><\/div><\/div><\/div>\t\t\t\t\t\t\t\t<\/div>\n\t\t\t\t<\/div>\n\t\t\t\t\t<\/div>\n\t\t<\/div>\n\t\t\t\t\t<\/div>\n\t\t<\/section>\n\t\t\t\t<section class=\"elementor-section elementor-top-section elementor-element elementor-element-47aa644 elementor-section-content-middle animated-slow elementor-section-boxed elementor-section-height-default elementor-section-height-default elementor-invisible\" data-id=\"47aa644\" data-element_type=\"section\" data-e-type=\"section\" data-settings=\"{&quot;background_background&quot;:&quot;classic&quot;,&quot;animation&quot;:&quot;fadeInRight&quot;,&quot;animation_delay&quot;:300}\">\n\t\t\t\t\t\t<div class=\"elementor-container elementor-column-gap-default\">\n\t\t\t\t\t<div class=\"elementor-column elementor-col-100 elementor-top-column elementor-element elementor-element-4ec71e1\" data-id=\"4ec71e1\" data-element_type=\"column\" data-e-type=\"column\">\n\t\t\t<div class=\"elementor-widget-wrap elementor-element-populated\">\n\t\t\t\t\t\t<div class=\"elementor-element elementor-element-882a413 elementor-widget elementor-widget-text-editor\" data-id=\"882a413\" data-element_type=\"widget\" data-e-type=\"widget\" data-widget_type=\"text-editor.default\">\n\t\t\t\t<div class=\"elementor-widget-container\">\n\t\t\t\t\t\t\t\t\t<p><a href=\"mailto:info@futsalcopacerdanya.com\">info@futsalcopacerdanya.com \u00a0 <\/a>&#8211; \u00a0\u00a0<a href=\"tel:+34674522157\">674 522 157<\/a><\/p>\t\t\t\t\t\t\t\t<\/div>\n\t\t\t\t<\/div>\n\t\t\t\t\t<\/div>\n\t\t<\/div>\n\t\t\t\t\t<\/div>\n\t\t<\/section>\n\t\t\t\t<\/div>\n\t\t","protected":false},"excerpt":{"rendered":"<p>\u00a1VOLVEMOS! Un a\u00f1o m\u00e1s, Un a\u00f1o m\u00e1s,\u00a0Futsal Copa Cerdanya se presenta con el objetivo de ofrecer a nin\u0303os y nin\u0303as de Asociaciones Deportivas Escolares, Escuelas y Clubs la oportunidad de combinar el fu\u0301tbol sala con actividades turi\u0301sticas; fomentar la convivencia entre jo\u0301venes deportistas de diferentes puntos geogra\u0301ficos y buscar la formacio\u0301n humana y deportiva de [&hellip;]<\/p>\n","protected":false},"author":1,"featured_media":0,"parent":0,"menu_order":0,"comment_status":"closed","ping_status":"closed","template":"","meta":{"ocean_post_layout":"","ocean_both_sidebars_style":"","ocean_both_sidebars_content_width":0,"ocean_both_sidebars_sidebars_width":0,"ocean_sidebar":"0","ocean_second_sidebar":"0","ocean_disable_margins":"enable","ocean_add_body_class":"","ocean_shortcode_before_top_bar":"","ocean_shortcode_after_top_bar":"","ocean_shortcode_before_header":"","ocean_shortcode_after_header":"","ocean_has_shortcode":"","ocean_shortcode_after_title":"","ocean_shortcode_before_footer_widgets":"","ocean_shortcode_after_footer_widgets":"","ocean_shortcode_before_footer_bottom":"","ocean_shortcode_after_footer_bottom":"","ocean_display_top_bar":"default","ocean_display_header":"default","ocean_header_style":"","ocean_center_header_left_menu":"0","ocean_custom_header_template":"0","ocean_custom_logo":0,"ocean_custom_retina_logo":0,"ocean_custom_logo_max_width":0,"ocean_custom_logo_tablet_max_width":0,"ocean_custom_logo_mobile_max_width":0,"ocean_custom_logo_max_height":0,"ocean_custom_logo_tablet_max_height":0,"ocean_custom_logo_mobile_max_height":0,"ocean_header_custom_menu":"0","ocean_menu_typo_font_family":"0","ocean_menu_typo_font_subset":"","ocean_menu_typo_font_size":0,"ocean_menu_typo_font_size_tablet":0,"ocean_menu_typo_font_size_mobile":0,"ocean_menu_typo_font_size_unit":"px","ocean_menu_typo_font_weight":"","ocean_menu_typo_font_weight_tablet":"","ocean_menu_typo_font_weight_mobile":"","ocean_menu_typo_transform":"","ocean_menu_typo_transform_tablet":"","ocean_menu_typo_transform_mobile":"","ocean_menu_typo_line_height":0,"ocean_menu_typo_line_height_tablet":0,"ocean_menu_typo_line_height_mobile":0,"ocean_menu_typo_line_height_unit":"","ocean_menu_typo_spacing":0,"ocean_menu_typo_spacing_tablet":0,"ocean_menu_typo_spacing_mobile":0,"ocean_menu_typo_spacing_unit":"","ocean_menu_link_color":"","ocean_menu_link_color_hover":"","ocean_menu_link_color_active":"","ocean_menu_link_background":"","ocean_menu_link_hover_background":"","ocean_menu_link_active_background":"","ocean_menu_social_links_bg":"","ocean_menu_social_hover_links_bg":"","ocean_menu_social_links_color":"","ocean_menu_social_hover_links_color":"","ocean_disable_title":"default","ocean_disable_heading":"default","ocean_post_title":"","ocean_post_subheading":"","ocean_post_title_style":"","ocean_post_title_background_color":"","ocean_post_title_background":0,"ocean_post_title_bg_image_position":"","ocean_post_title_bg_image_attachment":"","ocean_post_title_bg_image_repeat":"","ocean_post_title_bg_image_size":"","ocean_post_title_height":0,"ocean_post_title_bg_overlay":0.5,"ocean_post_title_bg_overlay_color":"","ocean_disable_breadcrumbs":"default","ocean_breadcrumbs_color":"","ocean_breadcrumbs_separator_color":"","ocean_breadcrumbs_links_color":"","ocean_breadcrumbs_links_hover_color":"","ocean_display_footer_widgets":"default","ocean_display_footer_bottom":"default","ocean_custom_footer_template":"0","footnotes":""},"class_list":["post-19","page","type-page","status-publish","hentry","entry"],"_links":{"self":[{"href":"https:\/\/futsalcopacerdanya.com\/index.php\/wp-json\/wp\/v2\/pages\/19","targetHints":{"allow":["GET"]}}],"collection":[{"href":"https:\/\/futsalcopacerdanya.com\/index.php\/wp-json\/wp\/v2\/pages"}],"about":[{"href":"https:\/\/futsalcopacerdanya.com\/index.php\/wp-json\/wp\/v2\/types\/page"}],"author":[{"embeddable":true,"href":"https:\/\/futsalcopacerdanya.com\/index.php\/wp-json\/wp\/v2\/users\/1"}],"replies":[{"embeddable":true,"href":"https:\/\/futsalcopacerdanya.com\/index.php\/wp-json\/wp\/v2\/comments?post=19"}],"version-history":[{"count":65,"href":"https:\/\/futsalcopacerdanya.com\/index.php\/wp-json\/wp\/v2\/pages\/19\/revisions"}],"predecessor-version":[{"id":704,"href":"https:\/\/futsalcopacerdanya.com\/index.php\/wp-json\/wp\/v2\/pages\/19\/revisions\/704"}],"wp:attachment":[{"href":"https:\/\/futsalcopacerdanya.com\/index.php\/wp-json\/wp\/v2\/media?parent=19"}],"curies":[{"name":"wp","href":"https:\/\/api.w.org\/{rel}","templated":true}]}}