{"id":3,"date":"2022-10-11T06:24:40","date_gmt":"2022-10-11T06:24:40","guid":{"rendered":"http:\/\/futsalcopacerdanya.com\/?page_id=3"},"modified":"2022-10-19T16:38:42","modified_gmt":"2022-10-19T16:38:42","slug":"politica-privacidad","status":"publish","type":"page","link":"https:\/\/futsalcopacerdanya.com\/index.php\/politica-privacidad\/","title":{"rendered":"POL\u00cdTICA DE PRIVACIDAD"},"content":{"rendered":"\t\t<div data-elementor-type=\"wp-page\" data-elementor-id=\"3\" class=\"elementor elementor-3\">\n\t\t\t\t\t\t<section class=\"elementor-section elementor-top-section elementor-element elementor-element-351746fc elementor-section-boxed elementor-section-height-default elementor-section-height-default\" data-id=\"351746fc\" data-element_type=\"section\" data-e-type=\"section\">\n\t\t\t\t\t\t<div class=\"elementor-container elementor-column-gap-default\">\n\t\t\t\t\t<div class=\"elementor-column elementor-col-100 elementor-top-column elementor-element elementor-element-6a642148\" data-id=\"6a642148\" data-element_type=\"column\" data-e-type=\"column\">\n\t\t\t<div class=\"elementor-widget-wrap elementor-element-populated\">\n\t\t\t\t\t\t<div class=\"elementor-element elementor-element-76781784 elementor-widget elementor-widget-text-editor\" data-id=\"76781784\" data-element_type=\"widget\" data-e-type=\"widget\" data-widget_type=\"text-editor.default\">\n\t\t\t\t<div class=\"elementor-widget-container\">\n\t\t\t\t\t\t\t\t\t\n<h1 class=\"wp-block-heading\"><b>POL\u00cdTICA DE PRIVACIDAD<\/b><\/h1>\n<p>Mediante la presente Pol\u00edtica de privacidad, y de acuerdo con lo establecido en la Ley Org\u00e1nica 15\/1999, de Protecci\u00f3n de Datos de Car\u00e1cter Personal, la empresa avisa a los usuarios de su pol\u00edtica de protecci\u00f3n de datos, para que estos determinen libre y voluntariamente si desean facilitar los datos personales que se le puedan requerir con ocasi\u00f3n de la suscripci\u00f3n o alta en algunos de los servicios ofrecidos. Salvo en los campos en que se indique lo contrario, las respuestas a las preguntas sobre datos personales son voluntarias.<span class=\"Apple-converted-space\">\u00a0<\/span><\/p>\n<p>Los datos personales recogidos ser\u00e1n tratados de forma secreta y confidencial y su recogida tiene como finalidad la gesti\u00f3n y prestaci\u00f3n de los servicios ofrecidos por la empresa en el Portal en cada momento. El usuario acepta que los datos personales por \u00e9l facilitados puedan ser objeto de tratamiento en ficheros automatizados titularidad y responsabilidad de la empresa.<\/p>\n<p>El usuario puede ejercer sus derechos de acceso, rectificaci\u00f3n, cancelaci\u00f3n y oposici\u00f3n en: C\/ Jose zulueta 49, Bellver de Cerdanya Girona.<\/p>\n<p>Al marcar la casilla de aceptaci\u00f3n en los formularios, el usuario otorga su leg\u00edtimo consentimiento para que sus datos sean tratados conforme a las finalidades descritas en la presente p\u00e1gina.<\/p>\n<p>Seg\u00fan lo dispuesto en la LOPD 15\/1999, el usuario podr\u00e1 ejercer en todo momento los derechos de acceso, rectificaci\u00f3n, oposici\u00f3n, cancelaci\u00f3n y portabilidad de sus datos personales, dirigiendo un escrito, adjuntando copia del DNI o Pasaporte por medio de la direcci\u00f3n de correo electr\u00f3nico info@futsalcopacerdanya.com<\/p>\n<p><b>Qui\u00e9nes somos<\/b><\/p>\n<p>La direcci\u00f3n de nuestra web es: <a href=\"https:\/\/futsalcopacerdanya.com\">https:\/\/futsalcopacerdanya.com<\/a><\/p>\n<p><b>Qu\u00e9 datos personales recogemos y por qu\u00e9 los recogemos<\/b><\/p>\n<p><span style=\"text-decoration: underline;\">Comentarios<\/span><\/p>\n<p>Cuando los visitantes dejan comentarios en la web, recopilamos los datos que se muestran en el formulario de comentarios, as\u00ed como la direcci\u00f3n IP del visitante y la cadena de agentes de usuario del navegador para ayudar a la detecci\u00f3n de spam.<\/p>\n<p>Una cadena an\u00f3nima creada a partir de tu direcci\u00f3n de correo electr\u00f3nico (tambi\u00e9n llamada hash) puede ser proporcionada al servicio de Gravatar para ver si la est\u00e1s usando. La pol\u00edtica de privacidad del servicio Gravatar est\u00e1 disponible aqu\u00ed: <span style=\"text-decoration: underline;\">https:\/\/automattic.com\/privacy\/<\/span>. Despu\u00e9s de la aprobaci\u00f3n de tu comentario, la imagen de tu perfil es visible para el p\u00fablico en el contexto de tu comentario.<\/p>\n<p><span style=\"text-decoration: underline;\">Medios<\/span><\/p>\n<p>Si subes im\u00e1genes a la web, deber\u00edas evitar subir im\u00e1genes con datos de ubicaci\u00f3n (GPS EXIF) incluidos. Los visitantes de la web pueden descargar y extraer cualquier dato de ubicaci\u00f3n de las im\u00e1genes de la web.<\/p>\n<p><span style=\"text-decoration: underline;\">Formularios de contacto<\/span><\/p>\n<p>La recogida y tratamiento de los datos personales tiene como \u00fanica finalidad, salvo que se indique otra cosa en los formularios del sitio web donde se recaben los datos del USUARIO, la gesti\u00f3n de la informaci\u00f3n suministrada en las consultas y contrataci\u00f3n de servicios.<\/p>\n<p>Los datos que se soliciten al USUARIO en los formularios del sitio web tendr\u00e1n car\u00e1cter obligatorio salvo que se indique lo contrario en el formulario correspondiente. El hecho de que el usuario no introduzca los datos de car\u00e1cter personal que aparecen en el formulario como obligatorios podr\u00e1 tener como consecuencia que no se pueda atender su solicitud.<\/p>\n<p>Los datos obtenidos est\u00e1n sujetos a las medidas de seguridad y pol\u00edtica de privacidad aprobadas por Andreu Falom\u00ed Ginesta de acuerdo con la normativa vigente en cada momento.<\/p>\n<p><span style=\"text-decoration: underline;\">Cookies<\/span><\/p>\n<p>En la p\u00e1gina de Pol\u00edtica de cookies le detallamos los diferentes tipos de cookies que utiliza otorrinocontiplanes.com, consulta la pol\u00edtica de cookies <a href=\"https:\/\/futsalcopacerdanya.com\/politica-de-cookies\">https:\/\/futsalcopacerdanya.com\/politica-de-cookies<\/a><\/p>\n<p>Contenido incrustado de otros sitios web<\/p>\n<p>Los art\u00edculos de este sitio pueden incluir contenido incrustado (por ejemplo, v\u00eddeos, im\u00e1genes, art\u00edculos, etc.). El contenido incrustado de otras webs se comporta exactamente de la misma manera que si el visitante hubiera visitado la otra web.<\/p>\n<p>Estas web pueden recopilar datos sobre ti, utilizar cookies, incrustar un seguimiento adicional de terceros, y supervisar tu interacci\u00f3n con ese contenido incrustado, incluido el seguimiento de tu interacci\u00f3n con el contenido incrustado si tienes una cuenta y est\u00e1s conectado a esa web.<\/p>\n<p><b>Con qui\u00e9n compartimos tus datos<\/b><\/p>\n<p>Si solicitas un restablecimiento de contrase\u00f1a, tu direcci\u00f3n IP ser\u00e1 incluida en el correo electr\u00f3nico de restablecimiento.<\/p>\n<p><b>Cu\u00e1nto tiempo conservamos tus datos<\/b><\/p>\n<p>Si dejas un comentario, el comentario y sus metadatos se conservan indefinidamente. Esto es para que podamos reconocer y aprobar comentarios sucesivos autom\u00e1ticamente, en lugar de mantenerlos en una cola de moderaci\u00f3n.<\/p>\n<p>De los usuarios que se registran en nuestra web (si los hay), tambi\u00e9n almacenamos la informaci\u00f3n personal que proporcionan en su perfil de usuario. Todos los usuarios pueden ver, editar o eliminar su informaci\u00f3n personal en cualquier momento (excepto que no pueden cambiar su nombre de usuario). Los administradores de la web tambi\u00e9n pueden ver y editar esa informaci\u00f3n.<\/p>\n<p><b>Qu\u00e9 derechos tienes sobre tus datos<\/b><\/p>\n<p>Si tienes una cuenta o has dejado comentarios en esta web, puedes solicitar recibir un archivo de exportaci\u00f3n de los datos personales que tenemos sobre ti, incluyendo cualquier dato que nos hayas proporcionado. Tambi\u00e9n puedes solicitar que eliminemos cualquier dato personal que tengamos sobre ti. Esto no incluye ning\u00fan dato que estemos obligados a conservar con fines administrativos, legales o de seguridad.<\/p>\n<p><b>D\u00f3nde enviamos tus datos<\/b><\/p>\n<p>Los comentarios de los visitantes puede que los revise un servicio de detecci\u00f3n autom\u00e1tica de spam.<\/p>\n<p><b>Tu informaci\u00f3n de contacto<\/b><\/p>\n<p>Los datos de car\u00e1cter personal que pudieran recogerse a trav\u00e9s de esta web, ser\u00e1n incorporados al documento REGISTRO DE CONTACTOS, que est\u00e1 bajo responsabilidad de Andreu Falom\u00ed Ginesta con las finalidades concretas que se deriven de cumplir adecuadamente con los servicios solicitados y para env\u00edo de comunicaciones que puedan ser de su inter\u00e9s y relacionadas siempre con los servicios propios de Andreu Falom\u00ed Ginesta<span class=\"Apple-converted-space\">\u00a0<\/span><\/p>\n<p><b>C\u00f3mo protegemos tus datos<\/b><\/p>\n<p>Andreu Falom\u00ed Ginesta ha procedido a adecuarse a la normativa de protecci\u00f3n de datos de car\u00e1cter personal conforme a la vigente Ley Org\u00e1nica 15\/1999, de 13 de diciembre, de Protecci\u00f3n de Datos de Car\u00e1cter Personal, adaptando todas las medidas t\u00e9cnicas y organizativas necesarias para garantizar la seguridad de los datos de car\u00e1cter personal de sus clientes y usuarios, y para evitar su alteraci\u00f3n, p\u00e9rdida, tratamiento o acceso no autorizado. El nivel de seguridad adoptado est\u00e1 en consonancia con la naturaleza de los datos personales suministrados.<\/p>\n<p>Los datos de car\u00e1cter personal que pudieran recogerse a trav\u00e9s de esta web, ser\u00e1n tratados de forma leal y l\u00edcita conforme a los principios y derechos recogidos en la Ley Org\u00e1nica 15\/1999, de 13 de diciembre, de Protecci\u00f3n de Datos de Car\u00e1cter Personal (LOPD) y dem\u00e1s normativa de desarrollo.<\/p>\n<p><b>De qu\u00e9 terceros recibimos datos<\/b><\/p>\n<p>Sus datos no podr\u00e1n ser cedidos a terceros sin su consentimiento, con las excepciones establecidas en los art\u00edculos 11.2 y 12 de la referida Ley Org\u00e1nica 15\/1999. Si por cuestiones exclusivamente operativas hemos de compartir sus datos con terceros, le informaremos puntualmente y de forma transparente por medio del correo electr\u00f3nico. No comunicaremos ni cederemos sus datos a terceros con finalidad comercial o publicitaria.<\/p>\n\t\t\t\t\t\t\t\t<\/div>\n\t\t\t\t<\/div>\n\t\t\t\t\t<\/div>\n\t\t<\/div>\n\t\t\t\t\t<\/div>\n\t\t<\/section>\n\t\t\t\t<\/div>\n\t\t","protected":false},"excerpt":{"rendered":"<p>POL\u00cdTICA DE PRIVACIDAD Mediante la presente Pol\u00edtica de privacidad, y de acuerdo con lo establecido en la Ley Org\u00e1nica 15\/1999, de Protecci\u00f3n de Datos de Car\u00e1cter Personal, la empresa avisa a los usuarios de su pol\u00edtica de protecci\u00f3n de datos, para que estos determinen libre y voluntariamente si desean facilitar los datos personales que se [&hellip;]<\/p>\n","protected":false},"author":1,"featured_media":0,"parent":0,"menu_order":0,"comment_status":"closed","ping_status":"closed","template":"","meta":{"ocean_post_layout":"","ocean_both_sidebars_style":"","ocean_both_sidebars_content_width":0,"ocean_both_sidebars_sidebars_width":0,"ocean_sidebar":"","ocean_second_sidebar":"","ocean_disable_margins":"enable","ocean_add_body_class":"","ocean_shortcode_before_top_bar":"","ocean_shortcode_after_top_bar":"","ocean_shortcode_before_header":"","ocean_shortcode_after_header":"","ocean_has_shortcode":"","ocean_shortcode_after_title":"","ocean_shortcode_before_footer_widgets":"","ocean_shortcode_after_footer_widgets":"","ocean_shortcode_before_footer_bottom":"","ocean_shortcode_after_footer_bottom":"","ocean_display_top_bar":"default","ocean_display_header":"default","ocean_header_style":"","ocean_center_header_left_menu":"","ocean_custom_header_template":"","ocean_custom_logo":0,"ocean_custom_retina_logo":0,"ocean_custom_logo_max_width":0,"ocean_custom_logo_tablet_max_width":0,"ocean_custom_logo_mobile_max_width":0,"ocean_custom_logo_max_height":0,"ocean_custom_logo_tablet_max_height":0,"ocean_custom_logo_mobile_max_height":0,"ocean_header_custom_menu":"","ocean_menu_typo_font_family":"","ocean_menu_typo_font_subset":"","ocean_menu_typo_font_size":0,"ocean_menu_typo_font_size_tablet":0,"ocean_menu_typo_font_size_mobile":0,"ocean_menu_typo_font_size_unit":"px","ocean_menu_typo_font_weight":"","ocean_menu_typo_font_weight_tablet":"","ocean_menu_typo_font_weight_mobile":"","ocean_menu_typo_transform":"","ocean_menu_typo_transform_tablet":"","ocean_menu_typo_transform_mobile":"","ocean_menu_typo_line_height":0,"ocean_menu_typo_line_height_tablet":0,"ocean_menu_typo_line_height_mobile":0,"ocean_menu_typo_line_height_unit":"","ocean_menu_typo_spacing":0,"ocean_menu_typo_spacing_tablet":0,"ocean_menu_typo_spacing_mobile":0,"ocean_menu_typo_spacing_unit":"","ocean_menu_link_color":"","ocean_menu_link_color_hover":"","ocean_menu_link_color_active":"","ocean_menu_link_background":"","ocean_menu_link_hover_background":"","ocean_menu_link_active_background":"","ocean_menu_social_links_bg":"","ocean_menu_social_hover_links_bg":"","ocean_menu_social_links_color":"","ocean_menu_social_hover_links_color":"","ocean_disable_title":"default","ocean_disable_heading":"default","ocean_post_title":"","ocean_post_subheading":"","ocean_post_title_style":"","ocean_post_title_background_color":"","ocean_post_title_background":0,"ocean_post_title_bg_image_position":"","ocean_post_title_bg_image_attachment":"","ocean_post_title_bg_image_repeat":"","ocean_post_title_bg_image_size":"","ocean_post_title_height":0,"ocean_post_title_bg_overlay":0.5,"ocean_post_title_bg_overlay_color":"","ocean_disable_breadcrumbs":"default","ocean_breadcrumbs_color":"","ocean_breadcrumbs_separator_color":"","ocean_breadcrumbs_links_color":"","ocean_breadcrumbs_links_hover_color":"","ocean_display_footer_widgets":"default","ocean_display_footer_bottom":"default","ocean_custom_footer_template":"","footnotes":""},"class_list":["post-3","page","type-page","status-publish","hentry","entry"],"_links":{"self":[{"href":"https:\/\/futsalcopacerdanya.com\/index.php\/wp-json\/wp\/v2\/pages\/3","targetHints":{"allow":["GET"]}}],"collection":[{"href":"https:\/\/futsalcopacerdanya.com\/index.php\/wp-json\/wp\/v2\/pages"}],"about":[{"href":"https:\/\/futsalcopacerdanya.com\/index.php\/wp-json\/wp\/v2\/types\/page"}],"author":[{"embeddable":true,"href":"https:\/\/futsalcopacerdanya.com\/index.php\/wp-json\/wp\/v2\/users\/1"}],"replies":[{"embeddable":true,"href":"https:\/\/futsalcopacerdanya.com\/index.php\/wp-json\/wp\/v2\/comments?post=3"}],"version-history":[{"count":7,"href":"https:\/\/futsalcopacerdanya.com\/index.php\/wp-json\/wp\/v2\/pages\/3\/revisions"}],"predecessor-version":[{"id":355,"href":"https:\/\/futsalcopacerdanya.com\/index.php\/wp-json\/wp\/v2\/pages\/3\/revisions\/355"}],"wp:attachment":[{"href":"https:\/\/futsalcopacerdanya.com\/index.php\/wp-json\/wp\/v2\/media?parent=3"}],"curies":[{"name":"wp","href":"https:\/\/api.w.org\/{rel}","templated":true}]}}