{"id":356,"date":"2022-10-19T16:39:05","date_gmt":"2022-10-19T16:39:05","guid":{"rendered":"https:\/\/futsalcopacerdanya.com\/?page_id=356"},"modified":"2022-10-19T16:41:35","modified_gmt":"2022-10-19T16:41:35","slug":"aviso-legal","status":"publish","type":"page","link":"https:\/\/futsalcopacerdanya.com\/index.php\/aviso-legal\/","title":{"rendered":"AVISO LEGAL"},"content":{"rendered":"\t\t<div data-elementor-type=\"wp-page\" data-elementor-id=\"356\" class=\"elementor elementor-356\">\n\t\t\t\t\t\t<section class=\"elementor-section elementor-top-section elementor-element elementor-element-0ed15dc elementor-section-boxed elementor-section-height-default elementor-section-height-default\" data-id=\"0ed15dc\" data-element_type=\"section\" data-e-type=\"section\">\n\t\t\t\t\t\t<div class=\"elementor-container elementor-column-gap-default\">\n\t\t\t\t\t<div class=\"elementor-column elementor-col-100 elementor-top-column elementor-element elementor-element-8fdc91a\" data-id=\"8fdc91a\" data-element_type=\"column\" data-e-type=\"column\">\n\t\t\t<div class=\"elementor-widget-wrap elementor-element-populated\">\n\t\t\t\t\t\t<div class=\"elementor-element elementor-element-e228687 elementor-widget elementor-widget-text-editor\" data-id=\"e228687\" data-element_type=\"widget\" data-e-type=\"widget\" data-widget_type=\"text-editor.default\">\n\t\t\t\t<div class=\"elementor-widget-container\">\n\t\t\t\t\t\t\t\t\t<h1>Aviso Legal<\/h1><p>Para dar cumplimiento con lo establecido en la Ley 34\/ 2002, de 11 de Julio, de servicios de la sociedad de la informaci\u00f3n y de comercio electr\u00f3nico, a continuaci\u00f3n se indican los datos de informaci\u00f3n general de este sitio web:<\/p><ul><li>Titular: Andreu Falom\u00ed Ginesta<\/li><li>NIF: 41083733Y<\/li><\/ul><p>Datos de las oficinas de la empresa:<\/p><ul><li>Direcci\u00f3n: C\/ Jose zulueta 49, Bellver de Cerdanya<\/li><li>Contacto: info@futsalcopacerdanya.com<\/li><li>Tel\u00e9fono: 674 522 157<\/li><\/ul><p><strong>Objeto<\/strong>:<\/p><p>La presente p\u00e1gina web \u00a0propiedad de Andreu Falom\u00ed Ginesta ha estado creada y dise\u00f1ada para dar a conocer y permitir el acceso general de todos los usuarios de internet, a la informaci\u00f3n, actividades, productos y servicios ofertados por esta entidad.<\/p><p>El presente aviso legal tiene como objeto establecer las Condiciones Generales que regulen el acceso y uso general de la citada p\u00e1gina web por parte de todos los usuarios, de manera que el acceso y uso de \u00e9sta implica necesariamente, la sumisi\u00f3n y aceptaci\u00f3n de las Condiciones Generales citadas incluidas en este Aviso Legal.<\/p><p><strong>Usuario<\/strong>:<\/p><p>La utilizaci\u00f3n de esta p\u00e1gina Web le atribuye la condici\u00f3n de usuario de la misma.<\/p><p>Se recomienda al usuario que lea atenta y detenidamente las condiciones e instrucciones publicadas cada vez que acceda a esta p\u00e1gina web, dado que el acceso implica su lectura y aceptaci\u00f3n. Mediante el acceso y uso a <a href=\"https:\/\/futsalcopacerdanya.com\">https:\/\/futsalcopacerdanya.com<\/a> o cualquiera de sus p\u00e1ginas y subdominios, el usuario manifiesta su acuerdo de forma expresa, plena y sin reservas a las condiciones e instrucciones publicadas en el aviso legal en el momento del acceso sin perjuicio de la aplicaci\u00f3n de la correspondiente normativa de obligado cumplimiento legal seg\u00fan el caso.<\/p><p><strong>Exclusi\u00f3n de responsabilidad por el funcionamiento del Portal y sus servicios:<\/strong><\/p><p>La empresa no garantiza la disponibilidad y continuidad del funcionamiento del Portal, de sus servicios y sus contenidos; si fuera razonablemente posible, la empresa avisar\u00e1 previamente de las interrupciones en el funcionamiento de los mismos. La empresa no es responsable por los da\u00f1os o perjuicios de cualquier naturaleza que puedan deberse a la falta de disponibilidad o de continuidad del Portal o de cualquiera de sus servicios, o por los fallos en el acceso a las distintas p\u00e1ginas web del Portal o aquellas desde las que se prestan determinados servicios.<\/p><p><strong>Exclusi\u00f3n de responsabilidad sobre la informaci\u00f3n gr\u00e1fica disponible en el portal:<\/strong><\/p><p>Toda la documentaci\u00f3n gr\u00e1fica incluida en esta p\u00e1gina Web referente a las distintas promociones o bienes inmuebles es meramente orientativa y est\u00e1 sometida a posibles cambios exigidos por la evoluci\u00f3n t\u00e9cnica de los proyectos y su ejecuci\u00f3n.\u00a0EN NING\u00daN CASO ESTA INFORMACI\u00d3N CONSTITUYE DOCUMENTO CONTRACTUAL.<\/p><p><strong>Ley de consumidores:<\/strong><\/p><p>La informaci\u00f3n de cada promoci\u00f3n con productos para su comercializaci\u00f3n, es orientativa y de car\u00e1cter general, estando sujeta a posibles cambios. Toda la informaci\u00f3n relativa al R. D. 515\/89 del 21 de Abril, se encuentra a disposici\u00f3n de los compradores en las oficinas de la empresa.<\/p><p><strong>Utilizaci\u00f3n del Portal y los servicios por los usuarios:<\/strong><\/p><p>Salvo que haya obtenido previa y expresa autorizaci\u00f3n espec\u00edficamente otorgada al efecto por parte de la empresa, el usuario se abstendr\u00e1 de obtener o intentar obtener cualquier tipo de contenidos, ya sean textos, gr\u00e1ficos, dibujos, archivos de sonido, im\u00e1genes o fotograf\u00edas, videos, software y en general cualquier clase de material accesible a trav\u00e9s del Portal o los servicios, empleando para ello medios distintos de los que se hayan puesto a su disposici\u00f3n a este efecto o de los que se empleen habitualmente a este efecto en Internet.<\/p><p>As\u00ed mismo, el usuario se compromete a no hacer uso del mismo para fines o actividades ilegales o il\u00edcitas; en consecuencia, no podr\u00e1 variar ninguno de los elementos incorporados en nuestra web, copiar, distribuir, transmitir, presentar, realizar, o en general, reproducir de cualquier modo, publicar, autorizar o crear cualquier trabajo en base a la informaci\u00f3n o el contenido incorporado en nuestro sitio web por Andreu Falom\u00ed Ginesta sus agentes, directivos, filiales y\/o empleados.<\/p><p><strong>Exclusi\u00f3n de responsabilidad de los contenidos:<\/strong><\/p><p>La empresa no es en ning\u00fan caso responsable, ni de forma directa ni subsidiaria, por ning\u00fan contenido, informaci\u00f3n, comunicaci\u00f3n, opini\u00f3n o manifestaci\u00f3n de cualquier tipo que tenga su origen en el usuario o cualquier persona o entidad y que se comunique, difunda, transmita o exhiba a trav\u00e9s de los servicios del Portal.<\/p><p><strong>Exclusi\u00f3n de responsabilidad por los contenidos y servicios alojados fuera del Portal:<\/strong><\/p><p>El Portal pone a disposici\u00f3n de los usuarios dispositivos t\u00e9cnicos de enlaces, ya sean links, directorios o herramientas de b\u00fasqueda, los cuales permiten el acceso a p\u00e1ginas web o sites que son gestionados por terceros. La empresa no ejerce ninguna titularidad sobre los mismos, y no comercializa ni ofrece los contenidos y servicios que contienen, por lo tanto no asume ninguna responsabilidad ni directa ni subsidiaria sobre dichas p\u00e1ginas web o sites.<\/p><p><strong>Modificaciones:<\/strong><\/p><p>Andreu Falom\u00ed Ginestase reserva el derecho a realizar las modificaciones que considere oportunas, sin aviso previo, en el contenido de su sitio web. Tanto en lo referente a los contenidos del sitio web, como en las condiciones de uso del mismo, o en las condiciones generales de contrataci\u00f3n. Dichas modificaciones podr\u00e1n realizarse a trav\u00e9s de su sitio web por cualquier forma admisible en derecho y ser\u00e1n de obligado cumplimiento durante el tiempo en que se encuentren publicadas en el web y hasta que no sean modificadas v\u00e1lidamente por otras posteriores.<\/p><p><strong>Propiedad Intelectual e Industrial:<\/strong><\/p><p>Todos los contenidos as\u00ed como nombres, logos, marcas y bases de datos accesibles en las p\u00e1ginas web del Portal est\u00e1n sujetos a derechos de propiedad industrial e intelectual de la empresa o de terceros titulares de los mismos. En ning\u00fan caso el acceso a las p\u00e1ginas web del Portal implica ning\u00fan tipo de renuncia, transmisi\u00f3n o cesi\u00f3n total o parcial de los mencionados derechos, ni confiere ning\u00fan derecho de utilizaci\u00f3n, alteraci\u00f3n, explotaci\u00f3n, reproducci\u00f3n, distribuci\u00f3n o comunicaci\u00f3n p\u00fablica sobre los contenidos o bienes de propiedad industrial sin la previa y expresa autorizaci\u00f3n espec\u00edficamente otorgada a tal efecto por parte de la empresa o del tercero titular de los derechos, salvo los derechos de visualizar y de realizar copias para uso personal y exclusivo del usuario, los cuales deber\u00e1n ejercerse siempre conforme a los principios de la buena fe y la legislaci\u00f3n aplicable.<\/p><p><strong>Protecci\u00f3n de Datos:<\/strong><\/p><p>Mediante el presente Aviso Legal y de acuerdo con lo establecido en la Ley Org\u00e1nica 15\/1999, de Protecci\u00f3n de Datos de Car\u00e1cter Personal, la empresa avisa a los usuarios de su pol\u00edtica de protecci\u00f3n de datos, para que estos determinen libre y voluntariamente si desean facilitar los datos personales que se le puedan requerir con ocasi\u00f3n de la suscripci\u00f3n o alta en algunos de los servicios ofrecidos. Salvo en los campos en que se indique lo contrario, las respuestas a las preguntas sobre datos personales son voluntarias. Los datos personales recogidos ser\u00e1n tratados de forma secreta y confidencial y su recogida tiene como finalidad la gesti\u00f3n y prestaci\u00f3n de los servicios ofrecidos por la empresa en el Portal en cada momento. El usuario acepta que los datos personales por \u00e9l facilitados puedan ser objeto de tratamiento en ficheros automatizados titularidad y responsabilidad de la empresa.<br \/>El usuario puede ejercer sus derechos de acceso, rectificaci\u00f3n, cancelaci\u00f3n y oposici\u00f3n en: C\/ Jose zulueta 49, Bellver de Cerdanya o al correo electr\u00f3nico: <a href=\"mailto:info@futsalcopacerdanya.com\">info@futsalcopacerdanya.com<\/a><\/p><p><strong>Ley Aplicable y Fuero:<\/strong><\/p><p>Estas Condiciones Generales se rigen por la ley espa\u00f1ola. Para cualquier controversia que pudiera derivarse de la aplicaci\u00f3n de los servicios o interpretaci\u00f3n o aplicaci\u00f3n de las Condiciones Generales, la Empresa y el usuario, con renuncia expresa a su fuero propio se someten al de los Juzgados y Tribunales de Gerona.<\/p>\t\t\t\t\t\t\t\t<\/div>\n\t\t\t\t<\/div>\n\t\t\t\t\t<\/div>\n\t\t<\/div>\n\t\t\t\t\t<\/div>\n\t\t<\/section>\n\t\t\t\t<\/div>\n\t\t","protected":false},"excerpt":{"rendered":"<p>Aviso Legal Para dar cumplimiento con lo establecido en la Ley 34\/ 2002, de 11 de Julio, de servicios de la sociedad de la informaci\u00f3n y de comercio electr\u00f3nico, a continuaci\u00f3n se indican los datos de informaci\u00f3n general de este sitio web: Titular: Andreu Falom\u00ed Ginesta NIF: 41083733Y Datos de las oficinas de la empresa: [&hellip;]<\/p>\n","protected":false},"author":1,"featured_media":0,"parent":0,"menu_order":0,"comment_status":"closed","ping_status":"closed","template":"","meta":{"ocean_post_layout":"","ocean_both_sidebars_style":"","ocean_both_sidebars_content_width":0,"ocean_both_sidebars_sidebars_width":0,"ocean_sidebar":"0","ocean_second_sidebar":"0","ocean_disable_margins":"enable","ocean_add_body_class":"","ocean_shortcode_before_top_bar":"","ocean_shortcode_after_top_bar":"","ocean_shortcode_before_header":"","ocean_shortcode_after_header":"","ocean_has_shortcode":"","ocean_shortcode_after_title":"","ocean_shortcode_before_footer_widgets":"","ocean_shortcode_after_footer_widgets":"","ocean_shortcode_before_footer_bottom":"","ocean_shortcode_after_footer_bottom":"","ocean_display_top_bar":"default","ocean_display_header":"default","ocean_header_style":"","ocean_center_header_left_menu":"0","ocean_custom_header_template":"0","ocean_custom_logo":0,"ocean_custom_retina_logo":0,"ocean_custom_logo_max_width":0,"ocean_custom_logo_tablet_max_width":0,"ocean_custom_logo_mobile_max_width":0,"ocean_custom_logo_max_height":0,"ocean_custom_logo_tablet_max_height":0,"ocean_custom_logo_mobile_max_height":0,"ocean_header_custom_menu":"0","ocean_menu_typo_font_family":"0","ocean_menu_typo_font_subset":"","ocean_menu_typo_font_size":0,"ocean_menu_typo_font_size_tablet":0,"ocean_menu_typo_font_size_mobile":0,"ocean_menu_typo_font_size_unit":"px","ocean_menu_typo_font_weight":"","ocean_menu_typo_font_weight_tablet":"","ocean_menu_typo_font_weight_mobile":"","ocean_menu_typo_transform":"","ocean_menu_typo_transform_tablet":"","ocean_menu_typo_transform_mobile":"","ocean_menu_typo_line_height":0,"ocean_menu_typo_line_height_tablet":0,"ocean_menu_typo_line_height_mobile":0,"ocean_menu_typo_line_height_unit":"","ocean_menu_typo_spacing":0,"ocean_menu_typo_spacing_tablet":0,"ocean_menu_typo_spacing_mobile":0,"ocean_menu_typo_spacing_unit":"","ocean_menu_link_color":"","ocean_menu_link_color_hover":"","ocean_menu_link_color_active":"","ocean_menu_link_background":"","ocean_menu_link_hover_background":"","ocean_menu_link_active_background":"","ocean_menu_social_links_bg":"","ocean_menu_social_hover_links_bg":"","ocean_menu_social_links_color":"","ocean_menu_social_hover_links_color":"","ocean_disable_title":"default","ocean_disable_heading":"default","ocean_post_title":"","ocean_post_subheading":"","ocean_post_title_style":"","ocean_post_title_background_color":"","ocean_post_title_background":0,"ocean_post_title_bg_image_position":"","ocean_post_title_bg_image_attachment":"","ocean_post_title_bg_image_repeat":"","ocean_post_title_bg_image_size":"","ocean_post_title_height":0,"ocean_post_title_bg_overlay":0.5,"ocean_post_title_bg_overlay_color":"","ocean_disable_breadcrumbs":"default","ocean_breadcrumbs_color":"","ocean_breadcrumbs_separator_color":"","ocean_breadcrumbs_links_color":"","ocean_breadcrumbs_links_hover_color":"","ocean_display_footer_widgets":"default","ocean_display_footer_bottom":"default","ocean_custom_footer_template":"0","footnotes":""},"class_list":["post-356","page","type-page","status-publish","hentry","entry"],"_links":{"self":[{"href":"https:\/\/futsalcopacerdanya.com\/index.php\/wp-json\/wp\/v2\/pages\/356","targetHints":{"allow":["GET"]}}],"collection":[{"href":"https:\/\/futsalcopacerdanya.com\/index.php\/wp-json\/wp\/v2\/pages"}],"about":[{"href":"https:\/\/futsalcopacerdanya.com\/index.php\/wp-json\/wp\/v2\/types\/page"}],"author":[{"embeddable":true,"href":"https:\/\/futsalcopacerdanya.com\/index.php\/wp-json\/wp\/v2\/users\/1"}],"replies":[{"embeddable":true,"href":"https:\/\/futsalcopacerdanya.com\/index.php\/wp-json\/wp\/v2\/comments?post=356"}],"version-history":[{"count":4,"href":"https:\/\/futsalcopacerdanya.com\/index.php\/wp-json\/wp\/v2\/pages\/356\/revisions"}],"predecessor-version":[{"id":360,"href":"https:\/\/futsalcopacerdanya.com\/index.php\/wp-json\/wp\/v2\/pages\/356\/revisions\/360"}],"wp:attachment":[{"href":"https:\/\/futsalcopacerdanya.com\/index.php\/wp-json\/wp\/v2\/media?parent=356"}],"curies":[{"name":"wp","href":"https:\/\/api.w.org\/{rel}","templated":true}]}}